{"id":9,"date":"2011-05-15T20:29:38","date_gmt":"2011-05-15T20:29:38","guid":{"rendered":"http:\/\/test.amamo.de\/?page_id=9"},"modified":"2012-04-27T22:34:54","modified_gmt":"2012-04-27T22:34:54","slug":"amamo","status":"publish","type":"page","link":"http:\/\/www.amamo.de\/?page_id=9","title":{"rendered":"AMAMO?"},"content":{"rendered":"<p><strong>Was ist AMAMO?<\/strong><br \/>\nAMAMO &#8211; meine private Hompage<br \/>\nWas oder besser wer ist AMAMO? AMAMO bin <a href=\"http:\/\/www.amamo.de\/gfx\/andi.gif\">ich<\/a>, Andreas Monstadt &#8211; ok, das Bild entstand vor fast 20 Jahren ;-). Wieso AMAMO? Ganz einfach, weil&#8217;s gut klingt, oder? Und nat\u00fcrlich auch, weil ich Martin hei\u00dfe: Andreas MArtin MOnstadt &#8211; AMAMO.<\/p>\n<p>Entstanden ist meine Homepage urspr\u00fcnglich aus Interesse an diesem damals noch recht neuen Medium. Zu der Zeit, in der die Diskette ihre Bedeutung langsam verloren hat und das Internet zu boomen begann, lag es nahe, auch mein <a title=\"RS Auswertung\" href=\".\/?page_id=29\">Auswertungsprogramm f\u00fcr Rettungssport<\/a> \u00fcber dieses Medium zu verbreiten. Im Laufe der Programmentwicklung haben sich einige <a title=\"if \u2026 then \u2026\" href=\".\/?page_id=32\">Infos rund um&#8217;s Programmieren mit Pascal und Delphi<\/a> angesammelt, die sich dazugesellten.<\/p>\n<p><strong>Was noch?<\/strong><br \/>\nAch ja &#8211; sollte ich auf dieser Website ein Copyright o.\u00e4. verletzt haben, geschah dies nicht mit Absicht. Ich bitte darum, mich in diesem Fall zu <a href=\"mailto:webmaster@amamo.de\">benachrichtigen<\/a>, damit ich den betreffenden Inhalt entfernen bzw. \u00e4ndern kann.<\/p>\n<hr \/>\n<p><strong>\u00dcber mich<\/strong><br \/>\nIch habe Informatik mit dem Nebenfach Mathematik an der Universit\u00e4t des Saarlandes studiert. Meine <a href=\"https:\/\/www.cdc.informatik.tu-darmstadt.de\/publikations-details\/?no_cache=1&#038;pub_id=Monstadt%3A1996\">Diplomarbeit<\/a> hat den Titel <a href=\"http:\/\/www.cdc.informatik.tu-darmstadt.de\/reports\/reports\/monstadt.diplom.ps.gz\"> &#8222;<em>Eine Entwicklungsumgebung f\u00fcr die objektorientierte Bibliothek LiDIA<\/em>&#8222;<\/a> (<a href=\"http:\/\/www.uni-sb.de\/\">Universit\u00e4t des Saarlandes<\/a>, Saarbr\u00fccken, 1996, Prof. Buchmann [z.Z. <a href=\"http:\/\/www.informatik.tu-darmstadt.de\/\">TU Darmstadt<\/a>]).<br \/>\nSeit meinem Studienabschluss (und auch schon aushilfsweise zuvor) bin ich bei einer saarl\u00e4ndischen Bank angestellt. Meine vielf\u00e4ltigen Aufgaben erstrecken sich rund um das Thema IT (Netzwerkbetreuung, Softwareentwicklung, Benutzerunterst\u00fctzung,&#8230;).<\/p>\n<p>In meiner Freizeit spiele ich Tennis, fahre Rad und bin in der <a href=\"http:\/\/www.dlrg.de\/\">DLRG<\/a>, insbesondere in der <a href=\"http:\/\/saar.dlrg-jugend.de\/\">DLRG-Jugend Saar<\/a> aktiv. Hier gilt mein Interesse vorrangig dem Rettungssport, d.h. den Meisterschaften und Wett\u00e4mpfen im Rettungsschwimmen.<\/p>\n","protected":false},"excerpt":{"rendered":"<p>Was ist AMAMO? AMAMO &#8211; meine private Hompage Was oder besser wer ist AMAMO? AMAMO bin ich, Andreas Monstadt &#8211; ok, das Bild entstand vor fast 20 Jahren ;-). Wieso AMAMO? Ganz einfach, weil&#8217;s gut klingt, oder? Und nat\u00fcrlich auch, weil ich Martin hei\u00dfe: Andreas MArtin MOnstadt &#8211; AMAMO. Entstanden ist meine Homepage urspr\u00fcnglich aus <a href='http:\/\/www.amamo.de\/?page_id=9' class='excerpt-more'>[&#8230;]<\/a><\/p>\n","protected":false},"author":1,"featured_media":0,"parent":0,"menu_order":50,"comment_status":"closed","ping_status":"closed","template":"","meta":{"footnotes":""},"class_list":["post-9","page","type-page","status-publish","hentry","post-seq-1","post-parity-odd","meta-position-corners","fix"],"_links":{"self":[{"href":"http:\/\/www.amamo.de\/index.php?rest_route=\/wp\/v2\/pages\/9","targetHints":{"allow":["GET"]}}],"collection":[{"href":"http:\/\/www.amamo.de\/index.php?rest_route=\/wp\/v2\/pages"}],"about":[{"href":"http:\/\/www.amamo.de\/index.php?rest_route=\/wp\/v2\/types\/page"}],"author":[{"embeddable":true,"href":"http:\/\/www.amamo.de\/index.php?rest_route=\/wp\/v2\/users\/1"}],"replies":[{"embeddable":true,"href":"http:\/\/www.amamo.de\/index.php?rest_route=%2Fwp%2Fv2%2Fcomments&post=9"}],"version-history":[{"count":13,"href":"http:\/\/www.amamo.de\/index.php?rest_route=\/wp\/v2\/pages\/9\/revisions"}],"predecessor-version":[{"id":13,"href":"http:\/\/www.amamo.de\/index.php?rest_route=\/wp\/v2\/pages\/9\/revisions\/13"}],"wp:attachment":[{"href":"http:\/\/www.amamo.de\/index.php?rest_route=%2Fwp%2Fv2%2Fmedia&parent=9"}],"curies":[{"name":"wp","href":"https:\/\/api.w.org\/{rel}","templated":true}]}}