{"id":34,"date":"2011-05-15T21:39:23","date_gmt":"2011-05-15T21:39:23","guid":{"rendered":"http:\/\/test.amamo.de\/?page_id=34"},"modified":"2017-10-22T18:18:14","modified_gmt":"2017-10-22T18:18:14","slug":"links","status":"publish","type":"page","link":"http:\/\/www.amamo.de\/?page_id=34","title":{"rendered":"Links"},"content":{"rendered":"<p><strong>DLRG<\/strong><\/p>\n<p><a href=\"http:\/\/www.dlrg.de\/\">Internetseiten der DLRG<\/a><br \/>\n<a href=\"http:\/\/www.dlrg-jugend.de\/\">Die DLRG-Jugend im Netz<\/a><br \/>\n<a href=\"http:\/\/records.dlrg.de\/\">Internationale Rekordzeiten auf dem Server der DLRG<\/a><br \/>\n<a href=\"http:\/\/saar.dlrg.de\/\">DLRG Landesverband Saar<\/a><br \/>\n<a href=\"http:\/\/saar.dlrg-jugend.de\/\">DLRG-Jugend Saar<\/a><br \/>\n<a href=\"http:\/\/sulzbach.dlrg.de\/\">Homepage der DLRG OG Sulzbach<\/a><br \/>\n<a title=\"Rettungssport Auswertung\" href=\"http:\/\/www.amamo.de\/?page_id=29\">meine Rettungssportseite mit weiteren Links<\/a><\/p>\n<p><strong>Radsport<\/strong><\/p>\n<p><a href=\"http:\/\/www.rsf-phoenix.de\/\">RSF-Ph\u00f6nix Riegelsberg<\/a><br \/>\n<a href=\"http:\/\/www.radsportnews.com\/\">Newsportal www.radsportnews.com<\/a><br \/>\n<a href=\"http:\/\/www.bikexperience.de\/\">Java Software zur Tourauswertung<\/a><br \/>\n<a href=\"http:\/\/www.radsport-aktiv.de\/\">www.radsport-aktiv.de mit Diskussionsforum<\/a><br \/>\n<a href=\"http:\/\/www.tour-magazin.de\/\">Radsportmagazin tour<\/a><br \/>\n<a href=\"http:\/\/www.letour.fr\/indexus.html\">Tour de France (engl. Version)<\/a><br \/>\n<a href=\"http:\/\/www.adfc-saar.de\/\">ADFC Saar e.V.<\/a><br \/>\n<a href=\"http:\/\/www.rad-net.de\/\">Bund Deutscher Radfahrer e.V. (BDR)<\/a><br \/>\n<a href=\"http:\/\/www.wecycle.de\/\">we cycle Riegelsberg<\/a><br \/>\n<a href=\"http:\/\/www.quaeldich.de\/\">&#8222;Qu\u00e4l Dich&#8220; &#8211; das sagt doch alles&#8230;<\/a><\/p>\n<p><strong>Tools (Freeware oder Open Source)<\/strong><\/p>\n<p><a href=\"http:\/\/www.openoffice.org\/\">OpenOffice.org: Texte, Tabellen &amp; Co.<\/a><br \/>\n<a href=\"http:\/\/www.mozilla.org\/\">Mozilla \/ Firefox Internet Browser, Thunderbird eMail<\/a><br \/>\n<a href=\"http:\/\/www.adobe.com\/products\/acrobat\/\">Adobe Reader f\u00fcr PDF-Dateien<\/a><br \/>\n<a href=\"http:\/\/www.opensuse.org\/\">Open SuSE Linux<\/a><br \/>\n<a href=\"http:\/\/www.inkscape.org\/\">Vektorgrafikprogramm Inkscape<\/a><br \/>\n<a href=\"http:\/\/www.7-zip.org\/\">7-ZIP &#8211; Dateiarchive (ent)packen (OpenSource)<\/a><br \/>\n<a href=\"http:\/\/java.sun.com\/\">JAVA<\/a><br \/>\n<a href=\"http:\/\/www.opensourcecms.com\/index.php?option=content&amp;task=view&amp;id=388&amp;Itemid=143\">Web Content Management Systeme<\/a><\/p>\n<p><strong>Sonstige<\/strong><br \/>\n<a href=\"http:\/\/www.ralm.de\/\">Homepage Ralf Monstadt<\/a><br \/>\n<a href=\"http:\/\/www.silven.de\/\">Homepage Silvia Felten<\/a><br \/>\n<a href=\"http:\/\/www.riegelsberg.de\/\">Homepage der Gemeinde Riegelsberg<\/a><br \/>\n<a href=\"http:\/\/www.internetstadtplan.com\/Riegelsb\/RiegIs.html\">Stadtplan Riegelsberg<\/a><br \/>\n<a href=\"http:\/\/www.heise.de\/ct\/\">Computermagazin c&#8217;t<\/a><br \/>\n<a href=\"http:\/\/www.google.de\/\">Suchmaschine Google<\/a><br \/>\n<a href=\"http:\/\/www.geizhals.at\/\">Preise vergleichen mit Geizhals<\/a><br \/>\n<a href=\"http:\/\/de.wikipedia.org\/\">Wikipedia &#8211; freie Enzyklop\u00e4die im Netz<\/a><br \/>\n<a href=\"http:\/\/www.bios-info.de\/\">Alles \u00fcber&#8217;s BIOS des PC<\/a><br \/>\n<a href=\"http:\/\/www.hoax-info.de\/\">HOAX-Info der TU Berlin &#8211; gegen die Plagegeister<\/a><br \/>\n<a href=\"http:\/\/www.archive.org\/\">Internet Archiv &#8211; alte Seiten konserviert<\/a><br \/>\n<a href=\"http:\/\/www.ahead.de\/\">Ahead &#8211; Nero Burning ROM<\/a><br \/>\n<a href=\"http:\/\/frodo.cebix.net\/\">C64 Emulator Frodo (Open Source)<\/a><br \/>\n<a href=\"http:\/\/www.aros.org\/\">AROS-Amiga Research Operating System (Open Source Amiga OS 3.1)<\/a><br \/>\n<a href=\"http:\/\/sta.c64.org\/sc.html\">Star Commander f\u00fcr C64 Dateien (mit Source)<\/a><br \/>\n<a href=\"http:\/\/stella.sourceforge.net\/\">Atari 2600 Videospielekonsole (Open Source)<\/a><br \/>\n<a title=\"if \u2026 then \u2026\" href=\".\/?page_id=32\">meine Borland Pascal \/ Delphi Seite mit weiteren Links<\/a><\/p>\n<hr \/>\n<p>Das Landgericht Hamburg hat in einem Urteil vom 12.05.1998 entschieden, dass man durch die Anbringung  eines Links die Inhalte der gelinkten Seite ggf. mit zu verantworten hat.  Dies kann &#8211; so das LG &#8211; nur dadurch verhindert werden, dass man sich ausdr\u00fccklich  von diesen Inhalten distanziert. Auf meinen Seiten sind Links zu anderen  Seiten im Internet gelegt. F\u00fcr all diese Links gilt: Ich betone ausdr\u00fccklich,  dass ich keinerlei Einfluss  auf die Gestaltung und die Inhalte der gelinkten  Seiten habe (ausgenommen die Inhalte unter <a href=\"http:\/\/www.amamo.homepage.t-online.de\/\">http:\/\/www.amamo.homepage.t-online.de<\/a>). Deshalb distanziere ich mich hiermit ausdr\u00fccklich von  allen Inhalten aller auf dieser Website  gelinkten Seiten inkl. aller Unterseiten.  Diese Erkl\u00e4rung gilt f\u00fcr  alle auf meiner Homepage ausgebrachten  Links und f\u00fcr alle Inhalte der  Seiten, zu denen Links oder Banner f\u00fchren.<\/p>\n","protected":false},"excerpt":{"rendered":"<p>DLRG Internetseiten der DLRG Die DLRG-Jugend im Netz Internationale Rekordzeiten auf dem Server der DLRG DLRG Landesverband Saar DLRG-Jugend Saar Homepage der DLRG OG Sulzbach meine Rettungssportseite mit weiteren Links Radsport RSF-Ph\u00f6nix Riegelsberg Newsportal www.radsportnews.com Java Software zur Tourauswertung www.radsport-aktiv.de mit Diskussionsforum Radsportmagazin tour Tour de France (engl. Version) ADFC Saar e.V. Bund Deutscher Radfahrer <a href='http:\/\/www.amamo.de\/?page_id=34' class='excerpt-more'>[&#8230;]<\/a><\/p>\n","protected":false},"author":1,"featured_media":0,"parent":0,"menu_order":40,"comment_status":"closed","ping_status":"closed","template":"","meta":{"footnotes":""},"class_list":["post-34","page","type-page","status-publish","hentry","post-seq-1","post-parity-odd","meta-position-corners","fix"],"_links":{"self":[{"href":"http:\/\/www.amamo.de\/index.php?rest_route=\/wp\/v2\/pages\/34","targetHints":{"allow":["GET"]}}],"collection":[{"href":"http:\/\/www.amamo.de\/index.php?rest_route=\/wp\/v2\/pages"}],"about":[{"href":"http:\/\/www.amamo.de\/index.php?rest_route=\/wp\/v2\/types\/page"}],"author":[{"embeddable":true,"href":"http:\/\/www.amamo.de\/index.php?rest_route=\/wp\/v2\/users\/1"}],"replies":[{"embeddable":true,"href":"http:\/\/www.amamo.de\/index.php?rest_route=%2Fwp%2Fv2%2Fcomments&post=34"}],"version-history":[{"count":12,"href":"http:\/\/www.amamo.de\/index.php?rest_route=\/wp\/v2\/pages\/34\/revisions"}],"predecessor-version":[{"id":489,"href":"http:\/\/www.amamo.de\/index.php?rest_route=\/wp\/v2\/pages\/34\/revisions\/489"}],"wp:attachment":[{"href":"http:\/\/www.amamo.de\/index.php?rest_route=%2Fwp%2Fv2%2Fmedia&parent=34"}],"curies":[{"name":"wp","href":"https:\/\/api.w.org\/{rel}","templated":true}]}}