{"id":124,"date":"0205-04-06T22:09:18","date_gmt":"1970-01-01T00:00:00","guid":{"rendered":"http:\/\/test.amamo.de\/?page_id=124"},"modified":"2014-01-02T20:00:33","modified_gmt":"2014-01-02T20:00:33","slug":"rs-archiv-2","status":"publish","type":"page","link":"http:\/\/www.amamo.de\/?page_id=124","title":{"rendered":"RS Archiv"},"content":{"rendered":"<p>Hier gibt es die fr\u00fcheren Versionen von RSM32 und RSPunkte. Die \u00e4lteren Viewer und DOS-Version gibt&#8217;s im <a title=\"RS Museum\" href=\".\/?page_id=115\">Museum<\/a>.<\/p>\n<p><strong>Downloads RSM \u2013 Rettungssport Meisterschaftsauswertung<\/strong><\/p>\n<table border=\"0\" cellspacing=\"0\" cellpadding=\"1\">\n<tbody>\n<tr>\n<td class=\"download\" colspan=\"3\" height=\"20\">RSM 2011<\/td>\n<\/tr>\n<td colspan=\"3\">Version 2011 Beta 1 vom 29.10.2011 (mit den rec-Werten f\u00fcr 2011)<\/td>\n<\/tr>\n<tr>\n<td colspan=\"2\" width=\"60%\">RSM 2011 Beta1 (f\u00fcr Windows 95,98,ME,NT,2000,XP,Vista,W7)<\/td>\n<td><a href=\"http:\/\/www.amamo.de\/dlrgrs\/RSM-2011Beta1-Install.exe\">Installationsprogramm (~2,8 MB)<\/a><\/td>\n<\/tr>\n<tr>\n<td colspan=\"2\" width=\"60%\">RSM 2011 Beta1 (f\u00fcr Windows 95,98,ME,NT,2000,XP,Vista,W7)<\/td>\n<td><a href=\"http:\/\/www.amamo.de\/dlrgrs\/RSM-2011Beta1.zip\">ZIP Dateiarchiv (~1,6 MB)<\/a><\/td>\n<\/tr>\n<tr>\n<td colspan=\"2\" width=\"60%\">RSM 2011 Kurzanleitung<\/td>\n<td height=\"16\"><a href=\"http:\/\/www.amamo.de\/dlrgrs\/RSM-2011Kurzanleitung.pdf\">PDF-Datei (~300K)<\/a><\/td>\n<\/tr>\n<tr>\n<td colspan=\"2\" width=\"60%\">RSM 2011 Vorlagen (f\u00fcr RSM 2010)<\/td>\n<td><a href=\"http:\/\/www.amamo.de\/dlrgrs\/RSM-2011Vorlagen.zip\">Vorlagen (~50k)<\/a><\/td>\n<\/tr>\n<tr>\n<td class=\"download\" colspan=\"3\" height=\"20\">RSM 2010<\/td>\n<\/tr>\n<tr>\n<td colspan=\"3\">Vorlagen mit den aktuellen rec-Werten f\u00fcr 2011<\/td>\n<\/tr>\n<tr>\n<td colspan=\"2\" width=\"60%\">RSM 2011 Vorlagen (f\u00fcr RSM 2010)<\/td>\n<td><a href=\"http:\/\/www.amamo.de\/dlrgrs\/RSM-2011Vorlagen.zip\">Vorlagen (~50k)<\/a><\/td>\n<\/tr>\n<tr>\n<td colspan=\"3\">Version 2010 Beta 1 vom 18.02.2010 (mit den rec-Werten f\u00fcr 2010)<\/td>\n<\/tr>\n<tr>\n<td colspan=\"2\" width=\"60%\">RSM 2010 Beta1 (f\u00fcr Windows 95,98,ME,NT,2000,XP,Vista,W7)<\/td>\n<td><a href=\"http:\/\/www.amamo.de\/dlrgrs\/RSM-2010Beta1-Install.exe\">Installationsprogramm (~2,6 MB)<\/a><\/td>\n<\/tr>\n<tr>\n<td colspan=\"2\" width=\"60%\">RSM 2010 Beta1 (f\u00fcr Windows 95,98,ME,NT,2000,XP,Vista,W7)<\/td>\n<td><a href=\"http:\/\/www.amamo.de\/dlrgrs\/RSM-2010Beta1.zip\">ZIP Dateiarchiv (~1,8 MB)<\/a><\/td>\n<\/tr>\n<tr>\n<td colspan=\"2\" width=\"60%\">RSM 2010 Kurzanleitung<\/td>\n<td height=\"16\"><a href=\"http:\/\/www.amamo.de\/dlrgrs\/RSM-2010Kurzanleitung.pdf\">PDF-Datei (~370K)<\/a><\/td>\n<\/tr>\n<tr>\n<td class=\"download\" colspan=\"3\" height=\"20\">RSM 2009<\/td>\n<\/tr>\n<tr>\n<td colspan=\"3\">Version 2009 Beta 1 vom 30.01.2009 (mit den rec-Werten f\u00fcr 2009)<\/td>\n<\/tr>\n<tr>\n<td colspan=\"2\" width=\"60%\">RSM 2009 Beta1 (f\u00fcr Windows 95,98,ME,NT,2000,XP,Vista)<\/td>\n<td><a href=\"http:\/\/www.amamo.de\/dlrgrs\/RSM-2009Beta1-Install.exe\">Installationsprogramm (~2,5 MB)<\/a><\/td>\n<\/tr>\n<tr>\n<td colspan=\"2\" width=\"60%\">RSM 2009 Beta1 (f\u00fcr Windows 95,98,ME,NT,2000,XP,Vista)<\/td>\n<td><a href=\"http:\/\/www.amamo.de\/dlrgrs\/RSM-2009Beta1.zip\">ZIP Dateiarchiv (~1,8 MB)<\/a><\/td>\n<\/tr>\n<tr>\n<td colspan=\"2\" width=\"60%\">RSM 2009 Kurzanleitung<\/td>\n<td height=\"16\"><a href=\"http:\/\/www.amamo.de\/dlrgrs\/RSM-2009Kurzanleitung.pdf\">PDF-Datei (~370K)<\/a><\/td>\n<\/tr>\n<tr>\n<td class=\"download\" colspan=\"3\" height=\"20\">RSM 2008<\/td>\n<\/tr>\n<tr>\n<td colspan=\"3\">Version 2008 Beta 2 vom 31.03.2008<br \/>\nAnzeige und Ausdruck der eingegebenen Hundertstel je nach eingestellter Option<\/td>\n<\/tr>\n<tr>\n<td colspan=\"2\" width=\"60%\">RSM 2008 Beta2 (f\u00fcr Windows 95,98,ME,NT,2000,XP,Vista)<\/td>\n<td><a href=\"http:\/\/www.amamo.de\/dlrgrs\/RSM-2008Beta2.zip\">ZIP Dateiarchiv (~1,8 MB)<\/a><\/td>\n<\/tr>\n<tr>\n<td colspan=\"3\">Version 2008 Beta 1 vom 29.01.2008<\/td>\n<\/tr>\n<tr>\n<td colspan=\"2\" width=\"60%\">RSM 2008 Beta1 (f\u00fcr Windows 95,98,ME,NT,2000,XP,Vista)<\/td>\n<td><a href=\"http:\/\/www.amamo.de\/dlrgrs\/RSM-2008Beta1-Install.exe\">Installationsprogramm (~2,5 MB)<\/a><\/td>\n<\/tr>\n<tr>\n<td colspan=\"2\" width=\"60%\">RSM 2008 Beta1 (f\u00fcr Windows 95,98,ME,NT,2000,XP,Vista)<\/td>\n<td><a href=\"http:\/\/www.amamo.de\/dlrgrs\/RSM-2008Beta1.zip\">ZIP Dateiarchiv (~1,8 MB)<\/a><\/td>\n<\/tr>\n<tr>\n<td colspan=\"2\" width=\"60%\">RSM 2008 Kurzanleitung<\/td>\n<td height=\"16\"><a href=\"http:\/\/www.amamo.de\/dlrgrs\/RSM-2008Kurzanleitung.pdf\">PDF-Datei (~370K)<\/a><\/td>\n<\/tr>\n<tr>\n<td class=\"download\" colspan=\"3\" height=\"20\">RSM 2007<\/td>\n<\/tr>\n<tr>\n<td colspan=\"2\" width=\"60%\">RSM 2007 Beta1 (f\u00fcr Windows 95,98,ME,NT,2000,XP)<\/td>\n<td><a href=\"http:\/\/www.amamo.de\/dlrgrs\/RSM-2007Beta1-Install.exe\">Installationsprogramm (~1,8 MB)<\/a><\/td>\n<\/tr>\n<tr>\n<td colspan=\"2\" width=\"60%\">RSM 2007 Neuerungen zu RSM 1.0<\/td>\n<td height=\"16\"><a href=\"http:\/\/www.amamo.de\/dlrgrs\/RSM-2007Neuerungen.pdf\">PDF-Datei (~120K)<\/a><\/td>\n<\/tr>\n<tr>\n<td class=\"download\" colspan=\"3\" height=\"20\">RSM 1.0<\/td>\n<\/tr>\n<tr>\n<td colspan=\"2\" width=\"60%\">RSM 1.0 RC (f\u00fcr Windows 95,98,ME,NT,2000,XP)<\/td>\n<td><a href=\"http:\/\/www.amamo.de\/dlrgrs\/rsm32.zip\">ZIP-Dateiarchiv (~600K)<\/a><\/td>\n<\/tr>\n<tr>\n<td colspan=\"2\" width=\"60%\">RSM 1.0 Kurzanleitung<\/td>\n<td height=\"16\"><a href=\"http:\/\/www.amamo.de\/dlrgrs\/RSM32Kurzanleitung.pdf\">PDF-Datei (~250K)<\/a><\/td>\n<\/tr>\n<tr>\n<td colspan=\"2\" width=\"60%\">RSM Beispiele (Ergebnisdateien der Saarlandmeisterschaften 1992-2002)<\/td>\n<td height=\"16\"><a href=\"http:\/\/www.amamo.de\/dlrgrs\/rsergeb.zip\">ZIP-Dateiarchiv (~150K)<\/a><\/td>\n<\/tr>\n<\/tbody>\n<\/table>\n<p><strong>Downloads RSPunkte &#8211; Programm zur schnellen Punkteberechnung im Rettungssport<\/strong><\/p>\n<table border=\"0\" cellspacing=\"0\" cellpadding=\"1\">\n<tbody>\n<tr>\n<td class=\"download\" colspan=\"3\">RSPunkte 2013 (Stand 09.12.2012)<\/td>\n<\/tr>\n<tr>\n<td colspan=\"2\" width=\"60%\">RSPunkte 2013 (f\u00fcr Windows 95,98,ME,NT,2000,XP,Vista,Win7,Win8)<\/td>\n<td><a href=\"http:\/\/www.amamo.de\/dlrgrs\/RSPunkte-2013RC1-Install.exe\">Installationsprogramm (&lt;1MB)<\/a><\/td>\n<\/tr>\n<tr>\n<td colspan=\"2\" width=\"60%\">RSPunkte 2013 (f\u00fcr Windows 95,98,ME,NT,2000,XP,Vista,Win7,Win8)<\/td>\n<td><a href=\"http:\/\/www.amamo.de\/dlrgrs\/RSPunkte-2013RC1.zip\">ZIP-Dateiarchiv (&lt;1MB)<\/a><\/td>\n<\/tr>\n<tr>\n<td colspan=\"2\" width=\"60%\">RSPunkte Kurzanleitung und Versionshinweise<\/td>\n<td height=\"16\"><a href=\"http:\/\/www.amamo.de\/dlrgrs\/RSPunkte-2013RC1.pdf\">PDF-Datei (~120K)<\/a><\/td>\n<\/tr>\n<tr>\n<td class=\"download\" colspan=\"3\">RSPunkte 2012<\/td>\n<\/tr>\n<tr>\n<td colspan=\"2\" width=\"60%\">RSPunkte 2012 (f\u00fcr Windows 95,98,ME,NT,2000,XP,Vista,Win7)<\/td>\n<td><a href=\"http:\/\/www.amamo.de\/dlrgrs\/RSPunkte-2012RC1-Install.exe\">Installationsprogramm (&lt;1MB)<\/a><\/td>\n<\/tr>\n<tr>\n<td colspan=\"2\" width=\"60%\">RSPunkte 2012 (f\u00fcr Windows 95,98,ME,NT,2000,XP,Vista,Win7)<\/td>\n<td><a href=\"http:\/\/www.amamo.de\/dlrgrs\/RSPunkte-2012RC1.zip\">ZIP-Dateiarchiv (&lt;1MB)<\/a><\/td>\n<\/tr>\n<tr>\n<td colspan=\"2\" width=\"60%\">RSPunkte Kurzanleitung und Versionshinweise<\/td>\n<td height=\"16\"><a href=\"http:\/\/www.amamo.de\/dlrgrs\/RSPunkte-2012RC1.pdf\">PDF-Datei (~120K)<\/a><\/td>\n<\/tr>\n<tr>\n<td class=\"download\" colspan=\"3\">RSPunkte 2011<\/td>\n<\/tr>\n<tr>\n<td colspan=\"2\" width=\"60%\">RSPunkte 2011 (f\u00fcr Windows 95,98,ME,NT,2000,XP,Vista,Win7)<\/td>\n<td><a href=\"http:\/\/www.amamo.de\/dlrgrs\/RSPunkte-2011RC1-Install.exe\">Installationsprogramm (&lt;1MB)<\/a><\/td>\n<\/tr>\n<tr>\n<td colspan=\"2\" width=\"60%\">RSPunkte 2011 (f\u00fcr Windows 95,98,ME,NT,2000,XP,Vista,Win7)<\/td>\n<td><a href=\"http:\/\/www.amamo.de\/dlrgrs\/RSPunkte-2011RC1.zip\">ZIP-Dateiarchiv (&lt;1MB)<\/a><\/td>\n<\/tr>\n<tr>\n<td colspan=\"2\" width=\"60%\">RSPunkte Kurzanleitung und Versionshinweise<\/td>\n<td height=\"16\"><a href=\"http:\/\/www.amamo.de\/dlrgrs\/RSPunkte-2011RC1.pdf\">PDF-Datei (~120K)<\/a><\/td>\n<\/tr>\n<tr>\n<td class=\"download\" colspan=\"3\">RSPunkte 2010 (rec-Werte f\u00fcr 2010, einschl. Korrektur)<\/td>\n<\/tr>\n<tr>\n<td colspan=\"2\" width=\"60%\">RSPunkte 2010 (f\u00fcr Windows 95,98,ME,NT,2000,XP,Vista,Win7)<\/td>\n<td><a href=\"http:\/\/www.amamo.de\/dlrgrs\/RSPunkte-2010RC2-Install.exe\">Installationsprogramm (~1,5MB)<\/a><\/td>\n<\/tr>\n<tr>\n<td colspan=\"2\" width=\"60%\">RSPunkte 2010 (f\u00fcr Windows 95,98,ME,NT,2000,XP,Vista,Win7)<\/td>\n<td><a href=\"http:\/\/www.amamo.de\/dlrgrs\/RSPunkte-2010RC2.zip\">ZIP-Dateiarchiv (~1,3MB)<\/a><\/td>\n<\/tr>\n<tr>\n<td colspan=\"2\" width=\"60%\">RSPunkte Kurzanleitung und Versionshinweise<\/td>\n<td height=\"16\"><a href=\"http:\/\/www.amamo.de\/dlrgrs\/RSPunkte-2010RC2.pdf\">PDF-Datei (~120K)<\/a><\/td>\n<\/tr>\n<tr>\n<td class=\"download\" colspan=\"3\" height=\"20\">RSPunkte 2009<\/td>\n<\/tr>\n<tr>\n<td colspan=\"3\">neue Version 2009 RC 1 vom 26.12.2008 (mit den rec-Werten f\u00fcr 2009)<\/td>\n<\/tr>\n<tr>\n<td colspan=\"2\" width=\"60%\">RSPunkte 2009 (f\u00fcr Windows 95,98,ME,NT,2000,XP,Vista)<\/td>\n<td><a href=\"http:\/\/www.amamo.de\/dlrgrs\/RSPunkte-2009RC1-Install.exe\">Installationsprogramm (~1,5MB)<\/a><\/td>\n<\/tr>\n<tr>\n<td colspan=\"2\" width=\"60%\">RSPunkte 2009 (f\u00fcr Windows 95,98,ME,NT,2000,XP,Vista)<\/td>\n<td><a href=\"http:\/\/www.amamo.de\/dlrgrs\/RSPunkte-2009RC1.zip\">ZIP-Dateiarchiv (~1,3MB)<\/a><\/td>\n<\/tr>\n<tr>\n<td colspan=\"2\" width=\"60%\">RSPunkte Kurzanleitung und Versionshinweise<\/td>\n<td height=\"16\"><a href=\"http:\/\/www.amamo.de\/dlrgrs\/RSPunkte-2009RC1.pdf\">PDF-Datei (~120K)<\/a><\/td>\n<\/tr>\n<tr>\n<td class=\"download\" colspan=\"3\" height=\"20\">RSPunkte 2008<\/td>\n<\/tr>\n<tr>\n<td colspan=\"3\">neue Version 2008 RC 1 vom 31.12.2007 (mit den rec-Werten f\u00fcr 2008)<\/td>\n<\/tr>\n<tr>\n<td colspan=\"2\" width=\"60%\">RSPunkte 2008 (f\u00fcr Windows 95,98,ME,NT,2000,XP,Vista)<\/td>\n<td><a href=\"http:\/\/www.amamo.de\/dlrgrs\/RSPunkte-2008RC1-Install.exe\">Installationsprogramm (~1,5MB)<\/a><\/td>\n<\/tr>\n<tr>\n<td colspan=\"2\" width=\"60%\">RSPunkte 2008 (f\u00fcr Windows 95,98,ME,NT,2000,XP,Vista)<\/td>\n<td><a href=\"http:\/\/www.amamo.de\/dlrgrs\/RSPunkte-2008RC1.zip\">ZIP-Dateiarchiv (~1,3MB)<\/a><\/td>\n<\/tr>\n<tr>\n<td colspan=\"2\" width=\"60%\">RSPunkte Kurzanleitung und Versionshinweise<\/td>\n<td height=\"16\"><a href=\"http:\/\/www.amamo.de\/dlrgrs\/RSPunkte-2008RC1.pdf\">PDF-Datei (~120K)<\/a><\/td>\n<\/tr>\n<tr>\n<td class=\"download\" colspan=\"3\" height=\"20\">RSPunkte 2007<\/td>\n<\/tr>\n<tr>\n<td colspan=\"2\" width=\"60%\">RSPunkte 2007 (f\u00fcr Windows 95,98,ME,NT,2000,XP)<\/td>\n<td><a href=\"http:\/\/www.amamo.de\/dlrgrs\/RSPunkte-2007RC1-Install.exe\">Installationsprogramm (~1,5MB)<\/a><\/td>\n<\/tr>\n<tr>\n<td colspan=\"2\" width=\"60%\">RSPunkte 2007 (f\u00fcr Windows 95,98,ME,NT,2000,XP)<\/td>\n<td><a href=\"http:\/\/www.amamo.de\/dlrgrs\/RSPunkte-2007RC1.zip\">ZIP-Dateiarchiv (~1,3MB)<\/a><\/td>\n<\/tr>\n<tr>\n<td colspan=\"2\" width=\"60%\">RSPunkte Kurzanleitung und Versionshinweise<\/td>\n<td height=\"16\"><a href=\"http:\/\/www.amamo.de\/dlrgrs\/RSPunkte-2007RC1.pdf\">PDF-Datei (~120K)<\/a><\/td>\n<\/tr>\n<tr>\n<td class=\"download\" colspan=\"3\" height=\"20\">RSPunkte 1.0<\/td>\n<\/tr>\n<tr>\n<td colspan=\"2\" width=\"60%\">RSPunkte 1.0 (f\u00fcr Windows 95,98,ME,NT,2000,XP)<\/td>\n<td><a href=\"http:\/\/www.amamo.de\/dlrgrs\/RSPunkte-1.0RC-Install.exe\">Installationsprogramm (~0,8MB)<\/a><\/td>\n<\/tr>\n<tr>\n<td colspan=\"2\" width=\"60%\">RSPunkte 1.0 (f\u00fcr Windows 95,98,ME,NT,2000,XP)<\/td>\n<td><a href=\"http:\/\/www.amamo.de\/dlrgrs\/RSPunkte-1.0.zip\">ZIP-Dateiarchiv (~0,4MB)<\/a><\/td>\n<\/tr>\n<tr>\n<td colspan=\"2\" width=\"60%\">RSPunkte 1.0 Kurzanleitung<\/td>\n<td height=\"16\"><a href=\"http:\/\/www.amamo.de\/dlrgrs\/RSPunkte-1.0.pdf\">PDF-Datei (~120K)<\/a><\/td>\n<\/tr>\n<\/tbody>\n<\/table>\n<p>Weitere (\u00e4ltere) Versionen stehen im <a title=\"RS Museum\" href=\".\/?page_id=115\">Museum<\/a> zur Verf\u00fcgung.<\/p>\n","protected":false},"excerpt":{"rendered":"<p>Hier gibt es die fr\u00fcheren Versionen von RSM32 und RSPunkte. Die \u00e4lteren Viewer und DOS-Version gibt&#8217;s im Museum. Downloads RSM \u2013 Rettungssport Meisterschaftsauswertung RSM 2011 Version 2011 Beta 1 vom 29.10.2011 (mit den rec-Werten f\u00fcr 2011) RSM 2011 Beta1 (f\u00fcr Windows 95,98,ME,NT,2000,XP,Vista,W7) Installationsprogramm (~2,8 MB) RSM 2011 Beta1 (f\u00fcr Windows 95,98,ME,NT,2000,XP,Vista,W7) ZIP Dateiarchiv (~1,6 MB) <a href='http:\/\/www.amamo.de\/?page_id=124' class='excerpt-more'>[&#8230;]<\/a><\/p>\n","protected":false},"author":1,"featured_media":0,"parent":29,"menu_order":530,"comment_status":"closed","ping_status":"closed","template":"","meta":{"footnotes":""},"class_list":["post-124","page","type-page","status-publish","hentry","post-seq-1","post-parity-odd","meta-position-corners","fix"],"_links":{"self":[{"href":"http:\/\/www.amamo.de\/index.php?rest_route=\/wp\/v2\/pages\/124","targetHints":{"allow":["GET"]}}],"collection":[{"href":"http:\/\/www.amamo.de\/index.php?rest_route=\/wp\/v2\/pages"}],"about":[{"href":"http:\/\/www.amamo.de\/index.php?rest_route=\/wp\/v2\/types\/page"}],"author":[{"embeddable":true,"href":"http:\/\/www.amamo.de\/index.php?rest_route=\/wp\/v2\/users\/1"}],"replies":[{"embeddable":true,"href":"http:\/\/www.amamo.de\/index.php?rest_route=%2Fwp%2Fv2%2Fcomments&post=124"}],"version-history":[{"count":18,"href":"http:\/\/www.amamo.de\/index.php?rest_route=\/wp\/v2\/pages\/124\/revisions"}],"predecessor-version":[{"id":479,"href":"http:\/\/www.amamo.de\/index.php?rest_route=\/wp\/v2\/pages\/124\/revisions\/479"}],"up":[{"embeddable":true,"href":"http:\/\/www.amamo.de\/index.php?rest_route=\/wp\/v2\/pages\/29"}],"wp:attachment":[{"href":"http:\/\/www.amamo.de\/index.php?rest_route=%2Fwp%2Fv2%2Fmedia&parent=124"}],"curies":[{"name":"wp","href":"https:\/\/api.w.org\/{rel}","templated":true}]}}