{"id":115,"date":"2005-04-06T21:58:05","date_gmt":"2005-04-06T21:58:05","guid":{"rendered":"http:\/\/test.amamo.de\/?page_id=115"},"modified":"2011-07-18T20:14:31","modified_gmt":"2011-07-18T20:14:31","slug":"rs-archiv","status":"publish","type":"page","link":"http:\/\/www.amamo.de\/?page_id=115","title":{"rendered":"RS Museum"},"content":{"rendered":"<p>Hier gibt es die fr\u00fcheren Versionen von RS (Viewer und DOS-Version). Zur Installation reicht es aus, die Archivdatei in ein beliebiges Verzeichnis zu entpacken.<\/p>\n<hr \/>\n<p><a name=\"RSView\"><\/a><strong>RSView (ab Windows 3.1):<\/strong><br \/>\nRSView 1.5 (nur Anzeige\/Druck ab Windows 3.1)<br \/>\n<a href=\"http:\/\/www.amamo.de\/dlrgrs\/rsview15.zip\">ZIP-Dateiarchiv (~400K)<\/a><br \/>\nRSView 1.0 (nur Anzeige\/Druck ab Windows 95)<br \/>\n<a href=\"http:\/\/www.amamo.de\/dlrgrs\/rsview10.zip\">ZIP-Dateiarchiv (~285K)<\/a><\/p>\n<p>Funktionen:<br \/>\n\u00b7 Anzeige von RS\/RSX Ergebnisdateien unter Windows <em>&#8211; neu in Version 1.5: ab Windows 3.1x<\/em><br \/>\n\u00b7 Druckfunktion (Ergebnis, Laufbesetzung, Statistik,&#8230;) incl. Vorschau <em>&#8211; neu in Version 1.5<br \/>\n<\/em>\u00b7 Ausdruck in PDF-Datei umleiten <em>&#8211; neu in Version 1.5<\/em><br \/>\n\u00b7 Dateiexport (HTML, <strong>PDF<\/strong>, DBF, XLS und <em>&#8211; neu in Version 1.5<\/em> TXT)<br \/>\n\u00b7 bearbeiten von Teilnehmer- und Wettkampfdaten <em>&#8211; neu in Version 1.5<\/em><br \/>\n\u00b7 Hilfedatei mit dem derzeit g\u00fcltigen Regelwerk von 1999 <em>-neu <\/em><br \/>\n\u00b7 kopieren von Teilnehmern in die Windows-Zwischenablage<br \/>\n\u00b7 <a href=\"http:\/\/www.amamo.de\/dlrgrs\/rsview15.gif\">Abzug eines Bildschirminhalts (~15K)<\/a> von RSView 1.5\u00df<br \/>\n\u00b7 <a href=\"http:\/\/www.amamo.de\/dlrgrs\/rsview10.gif\">Abzug eines Bildschirminhalts (~15K)<\/a> von RSView 1.0<\/p>\n<p><a name=\"RS\"><\/a><strong>RS\/RSX (DOS-Version):<\/strong><br \/>\nRSX 2.1 (DOS-Protected Mode Version, nutzt Erweiterungsspeicher via DPMI)<br \/>\n<a href=\"http:\/\/www.amamo.de\/dlrgrs\/rsx21.exe\">selbstentpackende EXE-Datei (~380K)<\/a><br \/>\n<a href=\"http:\/\/www.amamo.de\/dlrgrs\/rsx21.zip\">ZIP-Dateiarchiv (~350K)<\/a><\/p>\n<p>RS 2.1 (DOS Version f\u00fcr \u00e4ltere PC, nutzt nur konventionellen Speicher)<br \/>\n<a href=\"http:\/\/www.amamo.de\/dlrgrs\/rs21.exe\">selbstentpackende EXE-Datei (~260K)<\/a><br \/>\n<a href=\"http:\/\/www.amamo.de\/dlrgrs\/rs21.zip\">ZIP-Dateiarchiv (~230K)<\/a><\/p>\n<p>Funktionen:<br \/>\n\u00b7 DOS-Wettkampfauswertung, komplett in Deutsch mit Kurzanleitung auf Diskette (RS.WRI)<br \/>\n\u00b7 Zusammenstellen eines Wettkampfes nach Meisterschafts-, Angebots- oder eigenen Disziplinen<br \/>\n\u00b7 Eingeben, Speichern und Laden von Wettkampfergebnissen (mit st\u00e4ndiger Anzeige)<br \/>\n\u00b7 Daten\u00fcbernahme aus anderen Ergebnisdateien<br \/>\n\u00b7 automatische Qualifikation und Laufbesetzung<br \/>\n\u00b7 automatische Laufeinteilung f\u00fcr die HLW <em>&#8211; neu<\/em><br \/>\n\u00b7 Rekordverwaltung <em>&#8211; neu<\/em><br \/>\n\u00b7 Gliederungsverwaltung incl. Druck von Medaillenspiegel bzw. Gliederungs\u00fcbersicht <em>&#8211; neu<\/em><br \/>\n\u00b7 vielf\u00e4ltige Druckfunktionen auf den Standarddruckern (s.u.; Steuerzeichenanpassung m\u00f6glich)<br \/>\n\u00b7 druckt Qualifikation, Laufbesetzung, Startkarten, End- und Zwischenergebnisse, Medaillenspiegel<br \/>\n\u00b7 Dateiexport (dBase, Excel, HTML) z.B. f\u00fcr Urkunden- oder Startkartendruck <em>&#8211; neu<\/em><br \/>\n\u00b7 bedienerfreundliche Menuf\u00fchrung mit Mausbedienung<br \/>\n\u00b7 Hilfestellung zu jedem Programmpunkt auf Tastendruck (F1)<br \/>\n\u00b7 auch geeignet zur Archivierung von fr\u00fcheren Wettk\u00e4mpfen bis ins Jahr 1988 zur\u00fcck<br \/>\n\u00b7 incl. Ergebnisdateien der Landmeisterschaften 1998 des LV Saar e.V.<br \/>\n\u00b7 <a href=\"http:\/\/www.amamo.de\/dlrgrs\/rs21.gif\">Abzug eines Bildschirminhalts (~12K)<\/a> von RS 2.1<\/p>\n<p><a name=\"Hardware\"><\/a><strong>Systemvoraussetzungen RS\/RSX\/RSViewer:<\/strong><br \/>\nDie Programme wurden mit Borland Pascal 7.0 unter Verwendung von Turbo Vision 2.0 bzw. mit Borland Delphi erstellt. Die DOS-Versionen k\u00f6nnen auf einfachster PC-Hardware verwendet werden:<br \/>\n\u00b7 IBM kompatibler PC\/XT,AT (286er),386er, 486er, Pentium, Pentium Pro, Pentium II oder h\u00f6her<br \/>\n\u00b7 MS-DOS ab Version 3.0 oder DR-DOS ab Version 3.4 oder Windows 95<br \/>\n\u00b7 mindestens 450 KB freier Arbeitsspeicher<br \/>\n\u00b7 beliebige Grafikkarte (Hercules,CGA,EGA,VGA), VGA empfohlen<br \/>\n\u00b7 Standard-Drucker (Epson, HP Deskjet, HP Laserjet bzw. kompatibles Modell)<br \/>\n\u00b7 Festplatte mit mind. 2MB freiem Speicher und Maus empfohlen<br \/>\n\u00b7 <strong>f\u00fcr RSX zus\u00e4tzlich:<\/strong> 286er oder h\u00f6her mit mind. 2MB RAM<br \/>\n\u00b7 <strong>f\u00fcr RSView 1.5 zus\u00e4tzlich:<\/strong> Anforderungen des Betriebssystems Windows 3.1x<br \/>\n\u00b7 <strong>f\u00fcr RSView 1.0 zus\u00e4tzlich:<\/strong> Anforderungen des Betriebssystems Windows 95<\/p>\n<p>Die Ergebnisdateien der Programme RSM 1.0, RSViewer und RS\/RSX 2.1 sind kompatibel untereinander (d.h. eine Ergebnisdatei kann mit jeder genannten Version verwendet werden).<\/p>\n<hr \/>\n<p><strong>Museum<\/strong><br \/>\nJedes Programm f\u00e4ngt mal klein an. Informationen zur Entstehungsgeschichte von RSM.<\/p>\n<p><strong>RS \/ RSX Version 2.1 <\/strong><br \/>\n\u00b7\u00a0Anpassung an das Regelwerk 1999<br \/>\nneue Berechnungsmethode mit Unterscheidung m\/w<br \/>\nneue Disziplinen<br \/>\n\u00b7\u00a0automatische HLW-Laufeinteilung<br \/>\n\u00b7\u00a0Dateiexport (dBase, Excel, HTML) z.B. f\u00fcr Urkunden- oder Startkartendruck<br \/>\n\u00b7\u00a0RSX (Version, die erweiterten Speicher via DPMI nutzt)<\/p>\n<p><strong>RS Version 2.0<\/strong><br \/>\n\u00b7\u00a0Druck von Medaillenspiegel bzw. Gliederungs\u00fcbersicht<br \/>\n\u00b7\u00a0Optionen f\u00fcr Qualifikation, Laufeinteilung, Zur\u00fccksetzen<br \/>\n\u00b7\u00a0Teilnehmerzwischenablage (ausschneiden, kopieren,&#8230;)<br \/>\n\u00b7\u00a0Suchfunktion f\u00fcr Teilnehmer<br \/>\n\u00b7\u00a0Rekordverwaltung<br \/>\n\u00b7\u00a0erweiterte Inhalte in der Hilfe<\/p>\n<p><strong>RS Version 1.5<\/strong><br \/>\n\u00b7\u00a0Anpassung an das Regelwerk 1995<br \/>\nneue Disziplinen und Altersklassen<br \/>\nHLW auf Meisterschaften aller Ebenen<br \/>\n\u00b7\u00a0Druckerkonfiguration<\/p>\n<p><strong>RS Version 1.0 (RWK 4.0, 1993)<\/strong><br \/>\n\u00b7\u00a0st\u00e4ndige Anzeige des Zwischenergebnisses einer Altersklasse<br \/>\n\u00b7\u00a0Auswertung von Mannschaftsmeisterschaften<br \/>\n\u00b7\u00a0automatische Qualifikation<br \/>\n\u00b7\u00a0Ausdruck in eine Datei umleiten<br \/>\n\u00b7\u00a0Namens\u00e4nderung (Rettungswettkampf -&gt; Rettungssport)<br \/>\n\u00b7\u00a0\u00c4nderung der Wettkampfbibliothek (Aufteilung in mehrere UNITS)<\/p>\n<p><strong>RWK Version 3.0 (1992)<\/strong><br \/>\n\u00b7\u00a0Anpassung an das Regelwerk 1992<br \/>\nneue Altersklasse &#8222;Jungsenioren&#8220;<br \/>\nHLW auf Deutschen Meisterschaften<br \/>\n\u00b7\u00a0(automatische) Laufeinteilung mit Ausdruckm\u00f6glichkeit<br \/>\n\u00b7\u00a0Erweiterung auf 5 Disziplinen<br \/>\n\u00b7\u00a0mehrere Wettkampffenster gleichzeitig m\u00f6glich<br \/>\n\u00b7\u00a0Einstellen der Altersklassendaten<br \/>\n\u00b7\u00a0erweiterte Hilfedatei (Regelwerk 1992)<br \/>\n\u00b7\u00a0ge\u00e4ndertes Dateiformat der Ergebnisdatei<br \/>\n\u00b7\u00a0neues Farbschema (Standardeinstellung), individuell einstellbar<\/p>\n<p><strong>RWK Version 2.5 (1991)<\/strong><br \/>\n\u00b7\u00a0neue Programmoberfl\u00e4che<br \/>\nNutzung der TurboVision (TV) Bibliothek<br \/>\nMausbedienung, Uhrzeit- und Speicheranzeige<br \/>\n\u00b7\u00a0Einstellen der Wettkampfdaten (im Programm statt im Quelltext)<br \/>\n\u00b7\u00a0erheblich erweiterte Hilfedatei (10-facher Umfang)<br \/>\n\u00b7\u00a0Anzahl der Programmzeilen etwa 1.600 (ohne TV)<\/p>\n<p><strong>RWK Version 2.0 (1990)<\/strong><br \/>\n\u00b7\u00a0neue Programmoberfl\u00e4che (in Farbe oder SW)<br \/>\n\u00b7\u00a0Anzahl der Programmzeilen \u00fcber 1.200 (mehr als verdreifacht)<\/p>\n<p><strong>RWK Version 1.0 (1989)<\/strong><br \/>\n\u00b7\u00a0erste eingesetzte Programmversion (Ortsgruppenmeisterschaften)<br \/>\n\u00b7\u00a0weniger als 400 Programmzeilen<\/p>\n<hr \/>\n<p><span>RS (\u00a9 1999 Andreas Monstadt) ist seit Dezember 2001 Freeware, alle Rechte liegen beim Autor. Es darf frei benutzt und kopiert werden. Der Autor \u00fcbernimmt keine Haftung f\u00fcr eventuelle Sch\u00e4den, die durch die Anwendung des Programms entstehen. Der Autor kann eine ordnungsgem\u00e4\u00dfe Funktion des Programms nicht garantieren. <\/span><\/p>\n<hr \/>\n<p><strong>eMail:<\/strong> <a href=\"mailto:rettungssport@amamo.de\">rettungssport@amamo.de<\/a>, <a title=\"RS Auswertung\" href=\".\/?page_id=29\">Rettungssport<\/a><\/p>\n","protected":false},"excerpt":{"rendered":"<p>Hier gibt es die fr\u00fcheren Versionen von RS (Viewer und DOS-Version). Zur Installation reicht es aus, die Archivdatei in ein beliebiges Verzeichnis zu entpacken. RSView (ab Windows 3.1): RSView 1.5 (nur Anzeige\/Druck ab Windows 3.1) ZIP-Dateiarchiv (~400K) RSView 1.0 (nur Anzeige\/Druck ab Windows 95) ZIP-Dateiarchiv (~285K) Funktionen: \u00b7 Anzeige von RS\/RSX Ergebnisdateien unter Windows &#8211; <a href='http:\/\/www.amamo.de\/?page_id=115' class='excerpt-more'>[&#8230;]<\/a><\/p>\n","protected":false},"author":1,"featured_media":0,"parent":29,"menu_order":540,"comment_status":"closed","ping_status":"closed","template":"","meta":{"footnotes":""},"class_list":["post-115","page","type-page","status-publish","hentry","post-seq-1","post-parity-odd","meta-position-corners","fix"],"_links":{"self":[{"href":"http:\/\/www.amamo.de\/index.php?rest_route=\/wp\/v2\/pages\/115","targetHints":{"allow":["GET"]}}],"collection":[{"href":"http:\/\/www.amamo.de\/index.php?rest_route=\/wp\/v2\/pages"}],"about":[{"href":"http:\/\/www.amamo.de\/index.php?rest_route=\/wp\/v2\/types\/page"}],"author":[{"embeddable":true,"href":"http:\/\/www.amamo.de\/index.php?rest_route=\/wp\/v2\/users\/1"}],"replies":[{"embeddable":true,"href":"http:\/\/www.amamo.de\/index.php?rest_route=%2Fwp%2Fv2%2Fcomments&post=115"}],"version-history":[{"count":10,"href":"http:\/\/www.amamo.de\/index.php?rest_route=\/wp\/v2\/pages\/115\/revisions"}],"predecessor-version":[{"id":118,"href":"http:\/\/www.amamo.de\/index.php?rest_route=\/wp\/v2\/pages\/115\/revisions\/118"}],"up":[{"embeddable":true,"href":"http:\/\/www.amamo.de\/index.php?rest_route=\/wp\/v2\/pages\/29"}],"wp:attachment":[{"href":"http:\/\/www.amamo.de\/index.php?rest_route=%2Fwp%2Fv2%2Fmedia&parent=115"}],"curies":[{"name":"wp","href":"https:\/\/api.w.org\/{rel}","templated":true}]}}