{"id":112,"date":"2005-03-09T21:55:09","date_gmt":"2005-03-09T21:55:09","guid":{"rendered":"http:\/\/test.amamo.de\/?page_id=112"},"modified":"2011-07-18T20:15:50","modified_gmt":"2011-07-18T20:15:50","slug":"rs-programminformationen","status":"publish","type":"page","link":"http:\/\/www.amamo.de\/?page_id=112","title":{"rendered":"RS Programminformationen"},"content":{"rendered":"<p><a name=\"Funktionen\"><\/a><strong>Programmfunktionen von RSM:<\/strong><br \/>\n\u00b7 WINDOWS-Wettkampfauswertung, komplett in Deutsch<br \/>\n\u00b7 Zusammenstellen eines Wettkampfes nach Meisterschafts-, Angebots- oder eigenen Disziplinen<br \/>\n\u00b7 Hilfedatei mit dem derzeit g\u00fcltigen Regelwerk von 1999<br \/>\n\u00b7 Eingeben, Speichern und Laden von Wettkampfergebnissen (mit st\u00e4ndiger Ergebnisanzeige)<br \/>\n\u00b7 Daten\u00fcbernahme aus anderen Ergebnisdateien<br \/>\n\u00b7 automatische Qualifikation und Laufbesetzung<br \/>\n\u00b7 automatische Laufeinteilung f\u00fcr die HLW<br \/>\n\u00b7 Rekordverwaltung<br \/>\n\u00b7 Gliederungsverwaltung incl. Druck von Medaillenspiegel bzw. Gliederungs\u00fcbersicht<br \/>\n\u00b7 vielf\u00e4ltige Druckfunktionen<br \/>\n\u00b7 druckt Qualifikation, Laufbesetzung, End- und Zwischenergebnisse, etc.<br \/>\n\u00b7 Druckvorschau mit direktem Export nach PDF<br \/>\n\u00b7 kopieren von Teilnehmern in die Windows-Zwischenablage<br \/>\n\u00b7 Dateiexport (dBase, Excel, HTML, PDF, TXT) z.B. f\u00fcr Urkunden- oder Startkartendruck<br \/>\n\u00b7 auch geeignet zur Archivierung von fr\u00fcheren Wettk\u00e4mpfen bis ins Jahr 1988 zur\u00fcck<br \/>\n\u00b7 und weitere Funktionen<\/p>\n<p><a name=\"Screenshots\"><\/a><strong>Bildschirmabz\u00fcge (Screenshots):<\/strong><br \/>\n<a href=\"http:\/\/www.amamo.de\/dlrgrs\/rsm1a.gif\">Programmoberfl\u00e4che<\/a> <a href=\"http:\/\/www.amamo.de\/dlrgrs\/rsm1b.gif\">neuer Wettkampf<\/a> <a href=\"http:\/\/www.amamo.de\/dlrgrs\/rsm1c.gif\">Teilnehmereingabe<\/a> <a href=\"http:\/\/www.amamo.de\/dlrgrs\/rsm1d.gif\">Druckauswahl<\/a><\/p>\n<p><a name=\"Hardware\"><\/a><strong>Systemvoraussetzungen:<\/strong><br \/>\nDas Programm RSM wurde mit Borland Delphi erstellt. Es stellt keine weiteren Systemanforderungen, die \u00fcber diejenigen des Betriebssystems hinausgehen. Es ist unter allen Windows 32-Bit Versionen (95,98,ME,NT,2000,XP,Vista) lauff\u00e4hig. F\u00fcr \u00e4ltere Hardware stehen <a title=\"RS Museum\" href=\".\/?page_id=115\">im Archiv<\/a> die \u00e4lteren Programmversionen zur Verf\u00fcgung.<br \/>\nMindestvoraussetzungen f\u00fcr Windows 98 sind (empfohlene Werte in Klammern):<br \/>\n\u00b7 IBM kompatibler PC 486\/DX 66 (Pentium II 350) oder h\u00f6her<br \/>\n\u00b7 mindestens 24 MB (64 MB) Arbeitsspeicher<br \/>\n\u00b7 mindestens 200MB (500 MB) freier Festplattenplatz<br \/>\n\u00b7 Drucker<\/p>\n<p><span>RS (\u00a9 1999 Andreas Monstadt) ist seit Dezember 2001 Freeware, alle Rechte liegen beim Autor. Es darf frei benutzt und kopiert werden.<br \/>\nF\u00fcr Hinweise auf Programmfehler und\/oder fehlende oder zu verbessernde Programmteile bin ich als Autor jederzeit dankbar. Der Autor \u00fcbernimmt keine Haftung f\u00fcr eventuelle Sch\u00e4den, die durch die Anwendung des Programms entstehen. Der Autor kann eine ordnungsgem\u00e4\u00dfe Funktion des Programms nicht garantieren. <\/span><\/p>\n<hr \/>\n<p><strong>Weitere (zur Zeit nicht im Programm enthaltene) Funktionen:<\/strong><br \/>\n\u00b7 Auslosung der Startpasskontrolle<br \/>\n\u00b7 (Start-)listen bzw. automatische HLW-Laufeinteilung sortiert nach Gliederungen<br \/>\n\u00b7 Erfassung der Daten nach Lauf\/Bahn statt nach Altersklasse\/Teilnehmerauswahl<br \/>\n\u00b7 Druck eines Strafpunktechecks<br \/>\n\u00b7 Datenaustausch (z.B. HLW-Daten)<br \/>\n\u00b7 Netzwerkf\u00e4higkeit<br \/>\n\u00b7 Verarbeitung von Mannschaftsteilnehmern (z.B. Name f\u00fcr Urkundendruck)<br \/>\n\u00b7 Kampfrichterverwaltung (Einteilung der Kampfrichter etc.)<br \/>\n\u00b7 Ideen f\u00fcr weitere Funktionen? einfach anfragen!<\/p>\n<hr \/>\n<p><strong>eMail:<\/strong> <a href=\"mailto:rettungssport@amamo.de\">rettungssport@amamo.de<\/a>, <a title=\"RS Auswertung\" href=\".\/?page_id=29\">Rettungssport<\/a><\/p>\n","protected":false},"excerpt":{"rendered":"<p>Programmfunktionen von RSM: \u00b7 WINDOWS-Wettkampfauswertung, komplett in Deutsch \u00b7 Zusammenstellen eines Wettkampfes nach Meisterschafts-, Angebots- oder eigenen Disziplinen \u00b7 Hilfedatei mit dem derzeit g\u00fcltigen Regelwerk von 1999 \u00b7 Eingeben, Speichern und Laden von Wettkampfergebnissen (mit st\u00e4ndiger Ergebnisanzeige) \u00b7 Daten\u00fcbernahme aus anderen Ergebnisdateien \u00b7 automatische Qualifikation und Laufbesetzung \u00b7 automatische Laufeinteilung f\u00fcr die HLW \u00b7 Rekordverwaltung <a href='http:\/\/www.amamo.de\/?page_id=112' class='excerpt-more'>[&#8230;]<\/a><\/p>\n","protected":false},"author":1,"featured_media":0,"parent":29,"menu_order":520,"comment_status":"closed","ping_status":"closed","template":"","meta":{"footnotes":""},"class_list":["post-112","page","type-page","status-publish","hentry","post-seq-1","post-parity-odd","meta-position-corners","fix"],"_links":{"self":[{"href":"http:\/\/www.amamo.de\/index.php?rest_route=\/wp\/v2\/pages\/112","targetHints":{"allow":["GET"]}}],"collection":[{"href":"http:\/\/www.amamo.de\/index.php?rest_route=\/wp\/v2\/pages"}],"about":[{"href":"http:\/\/www.amamo.de\/index.php?rest_route=\/wp\/v2\/types\/page"}],"author":[{"embeddable":true,"href":"http:\/\/www.amamo.de\/index.php?rest_route=\/wp\/v2\/users\/1"}],"replies":[{"embeddable":true,"href":"http:\/\/www.amamo.de\/index.php?rest_route=%2Fwp%2Fv2%2Fcomments&post=112"}],"version-history":[{"count":9,"href":"http:\/\/www.amamo.de\/index.php?rest_route=\/wp\/v2\/pages\/112\/revisions"}],"predecessor-version":[{"id":374,"href":"http:\/\/www.amamo.de\/index.php?rest_route=\/wp\/v2\/pages\/112\/revisions\/374"}],"up":[{"embeddable":true,"href":"http:\/\/www.amamo.de\/index.php?rest_route=\/wp\/v2\/pages\/29"}],"wp:attachment":[{"href":"http:\/\/www.amamo.de\/index.php?rest_route=%2Fwp%2Fv2%2Fmedia&parent=112"}],"curies":[{"name":"wp","href":"https:\/\/api.w.org\/{rel}","templated":true}]}}